{"id":437,"date":"2025-10-08T15:52:18","date_gmt":"2025-10-08T08:52:18","guid":{"rendered":"https:\/\/www.thaideutsch.com\/about\/"},"modified":"2025-11-18T17:40:20","modified_gmt":"2025-11-18T10:40:20","slug":"about","status":"publish","type":"page","link":"https:\/\/www.thaideutsch.com\/de\/about\/","title":{"rendered":"\u00dcber uns"},"content":{"rendered":"<p>[et_pb_section fb_built=&#8220;1&#8243; _builder_version=&#8220;4.27.4&#8243; _module_preset=&#8220;default&#8220; global_colors_info=&#8220;{}&#8220;][et_pb_row column_structure=&#8220;1_2,1_2&#8243; use_custom_gutter=&#8220;on&#8220; gutter_width=&#8220;2&#8243; make_equal=&#8220;on&#8220; _builder_version=&#8220;4.27.4&#8243; _module_preset=&#8220;default&#8220; global_colors_info=&#8220;{}&#8220;][et_pb_column type=&#8220;1_2&#8243; _builder_version=&#8220;4.27.4&#8243; _module_preset=&#8220;default&#8220; global_colors_info=&#8220;{}&#8220;][et_pb_heading title=&#8220;Thaideutsch&#8220; _builder_version=&#8220;4.27.4&#8243; _module_preset=&#8220;default&#8220; title_level=&#8220;h2&#8243; title_font=&#8220;|700|||||||&#8220; title_text_color=&#8220;gcid-primary-color&#8220; title_font_size=&#8220;52px&#8220; custom_margin=&#8220;||10px||false|false&#8220; title_font_size_tablet=&#8220;48px&#8220; title_font_size_phone=&#8220;42px&#8220; title_font_size_last_edited=&#8220;on|tablet&#8220; locked=&#8220;off&#8220; global_colors_info=&#8220;{%22gcid-primary-color%22:%91%22title_text_color%22%93}&#8220;][\/et_pb_heading][et_pb_heading title=&#8220;Lehrerin Yoke lebt seit \u00fcber 28 Jahren in Deutschland, in Berlin.&#8220; _builder_version=&#8220;4.27.4&#8243; _module_preset=&#8220;default&#8220; title_level=&#8220;h3&#8243; title_font=&#8220;|&#8211;et_global_body_font_weight|||||||&#8220; title_font_size=&#8220;22px&#8220; custom_margin=&#8220;||15px||false|false&#8220; hover_enabled=&#8220;0&#8243; title_font_size_tablet=&#8220;23px&#8220; title_font_size_phone=&#8220;20px&#8220; title_font_size_last_edited=&#8220;on|phone&#8220; title_line_height_tablet=&#8220;&#8220; title_line_height_phone=&#8220;1.3em&#8220; title_line_height_last_edited=&#8220;on|phone&#8220; locked=&#8220;off&#8220; global_colors_info=&#8220;{}&#8220; sticky_enabled=&#8220;0&#8243;][\/et_pb_heading][et_pb_image src=&#8220;https:\/\/www.thaideutsch.com\/wp-content\/uploads\/2025\/10\/Line-1.svg&#8220; _builder_version=&#8220;4.27.4&#8243; _module_preset=&#8220;default&#8220; custom_margin=&#8220;||25px||false|false&#8220; locked=&#8220;off&#8220; global_colors_info=&#8220;{}&#8220;][\/et_pb_image][et_pb_text _builder_version=&#8220;4.27.4&#8243; _module_preset=&#8220;default&#8220; custom_margin=&#8220;||15px||false|false&#8220; locked=&#8220;off&#8220; global_colors_info=&#8220;{}&#8220;]Abschluss in Betriebswirtschaft und Kommunikation, bestand die Aufnahmepr\u00fcfung f\u00fcr die Arbeit in der Botschaft in Berlin als Dolmetscherin und Koordinatorin in verschiedenen Abteilungen, einschlie\u00dflich konsularischer Aufgaben.<\/p>\n<p>Im M\u00e4rz 2007 bestand &#8222;Lehrerin Yoke&#8220; die Pr\u00fcfung als Thai-Deutsch-Dolmetscherin bei einer deutschen staatlichen Rechtseinrichtung und wurde beim deutschen Gericht in Berlin registriert. Sie ist auch in der Dolmetscherliste der deutschen Botschaften in Deutschland, der Schweiz und \u00d6sterreich gef\u00fchrt und hat mehr als 10 Konferenzen zusammen mit einer Delegation \u00fcber einen Zeitraum von 5 Jahren gedolmetscht.<\/p>\n<p>Anschlie\u00dfend zog sie nach Thailand und arbeitete in der Deutschen Botschaft in Bangkok, Thailand, in der Abteilung f\u00fcr Information und Kultur.<\/p>\n<p>Im Jahr 2018 \u00fcbernahm &#8222;Lehrerin Yoke&#8220; die Dolmetschert\u00e4tigkeit f\u00fcr den thail\u00e4ndischen Premierminister Prayut Chan-o-cha und die deutsche Kanzlerin Angela Merkel w\u00e4hrend ihres Besuchs in Deutschland, um die bilateralen Beziehungen zwischen den beiden L\u00e4ndern in verschiedenen Bereichen zu st\u00e4rken.<\/p>\n<p>Mit mehr als 28 Jahren Erfahrung im Leben und Arbeiten in Deutschland bietet &#8222;Lehrerin Yoke&#8220; Deutschunterricht auf mittlerem und fortgeschrittenem Niveau an, einschlie\u00dflich Deutsch f\u00fcr die berufliche Kommunikation in verschiedenen Bereichen.[\/et_pb_text][\/et_pb_column][et_pb_column type=&#8220;1_2&#8243; _builder_version=&#8220;4.27.4&#8243; _dynamic_attributes=&#8220;background_image&#8220; _module_preset=&#8220;default&#8220; background_image=&#8220;@ET-DC@eyJkeW5hbWljIjp0cnVlLCJjb250ZW50IjoicG9zdF9mZWF0dXJlZF9pbWFnZSIsInNldHRpbmdzIjp7fX0=@&#8220; border_radii=&#8220;off|20px|20px|80px|20px&#8220; border_radii_tablet=&#8220;off|20px|20px|20px|20px&#8220; border_radii_phone=&#8220;off|20px|20px|20px|20px&#8220; border_radii_last_edited=&#8220;on|tablet&#8220; global_colors_info=&#8220;{}&#8220;][et_pb_divider color=&#8220;RGBA(255,255,255,0)&#8220; _builder_version=&#8220;4.27.4&#8243; _module_preset=&#8220;default&#8220; height_tablet=&#8220;500px&#8220; height_phone=&#8220;400px&#8220; height_last_edited=&#8220;on|phone&#8220; global_colors_info=&#8220;{}&#8220;][\/et_pb_divider][\/et_pb_column][\/et_pb_row][et_pb_row column_structure=&#8220;1_2,1_2&#8243; use_custom_gutter=&#8220;on&#8220; gutter_width=&#8220;2&#8243; make_equal=&#8220;on&#8220; _builder_version=&#8220;4.27.4&#8243; _module_preset=&#8220;default&#8220; global_colors_info=&#8220;{}&#8220;][et_pb_column type=&#8220;1_2&#8243; _builder_version=&#8220;4.27.4&#8243; _module_preset=&#8220;default&#8220; background_image=&#8220;https:\/\/www.thaideutsch.com\/wp-content\/uploads\/2025\/10\/\u0e2d\u0e1a\u0e23\u0e21\u0e25\u0e48\u0e32\u0e21\u0e41\u0e1b\u0e25\u0e20\u0e32\u0e29\u0e32.webp&#8220; border_radii=&#8220;off|20px|20px|20px|80px&#8220; border_radii_tablet=&#8220;off|20px|20px|20px|20px&#8220; border_radii_phone=&#8220;off|20px|20px|20px|20px&#8220; border_radii_last_edited=&#8220;on|tablet&#8220; global_colors_info=&#8220;{}&#8220;][et_pb_divider color=&#8220;RGBA(255,255,255,0)&#8220; _builder_version=&#8220;4.27.4&#8243; _module_preset=&#8220;default&#8220; height_tablet=&#8220;500px&#8220; height_phone=&#8220;400px&#8220; height_last_edited=&#8220;on|phone&#8220; global_colors_info=&#8220;{}&#8220;][\/et_pb_divider][\/et_pb_column][et_pb_column type=&#8220;1_2&#8243; _builder_version=&#8220;4.27.4&#8243; _module_preset=&#8220;default&#8220; custom_padding=&#8220;5em||5em||true|false&#8220; custom_padding_tablet=&#8220;0em||0em||true|false&#8220; custom_padding_phone=&#8220;0em||0em||true|false&#8220; custom_padding_last_edited=&#8220;on|tablet&#8220; global_colors_info=&#8220;{}&#8220;][et_pb_text _builder_version=&#8220;4.27.4&#8243; _module_preset=&#8220;default&#8220; custom_margin=&#8220;||15px||false|false&#8220; hover_enabled=&#8220;0&#8243; locked=&#8220;off&#8220; global_colors_info=&#8220;{}&#8220; sticky_enabled=&#8220;0&#8243;]Thai-Deutsch-Dolmetscherin, die die Pr\u00fcfung der deutschen Regierung bestanden hat und beim deutschen und thail\u00e4ndischen Gericht registriert ist.<br \/>\nErlaubnis zur Dolmetschert\u00e4tigkeit seit 2007, mit Erfahrung als Dolmetscherin sowohl im Inland als auch im Ausland f\u00fcr wichtige Aufgaben in verschiedenen Bereichen. Dar\u00fcber hinaus hat Frau Uthaiwan in der thail\u00e4ndischen Botschaft in Berlin, Deutschland, gearbeitet und \u00fcber 14 Jahre lang in allen Abteilungen gearbeitet, dabei Dolmetsch- und \u00dcbersetzungsdienste f\u00fcr offizielle Dokumente der Botschaft \u00fcbernommen.[\/et_pb_text][et_pb_text _builder_version=&#8220;4.27.4&#8243; _module_preset=&#8220;default&#8220; custom_margin=&#8220;||15px||false|false&#8220; hover_enabled=&#8220;0&#8243; locked=&#8220;off&#8220; global_colors_info=&#8220;{}&#8220; sticky_enabled=&#8220;0&#8243;]Ausbildung von Dolmetschern f\u00fcr Fremdsprachen am Strafgericht<br \/>\nFrau Uthaiwan Phatthawatthinin hat am 7. August 2019 die Ausbildung zum Dolmetscher f\u00fcr Fremdsprachen am Strafgericht erfolgreich abgeschlossen.[\/et_pb_text][\/et_pb_column][\/et_pb_row][\/et_pb_section]<\/p>\n","protected":false},"excerpt":{"rendered":"<p>Abschluss in Betriebswirtschaft und Kommunikation, bestand die Aufnahmepr\u00fcfung f\u00fcr die Arbeit in der Botschaft in Berlin als Dolmetscherin und Koordinatorin in verschiedenen Abteilungen, einschlie\u00dflich konsularischer Aufgaben. Im M\u00e4rz 2007 bestand &#8222;Lehrerin Yoke&#8220; die Pr\u00fcfung als Thai-Deutsch-Dolmetscherin bei einer deutschen staatlichen Rechtseinrichtung und wurde beim deutschen Gericht in Berlin registriert. Sie ist auch in der Dolmetscherliste [&hellip;]<\/p>\n","protected":false},"author":1,"featured_media":438,"parent":0,"menu_order":0,"comment_status":"closed","ping_status":"closed","template":"","meta":{"_et_pb_use_builder":"on","_et_pb_old_content":"","_et_gb_content_width":"","footnotes":""},"difl_page_category":[],"class_list":["post-437","page","type-page","status-publish","has-post-thumbnail","hentry"],"aioseo_notices":[],"_links":{"self":[{"href":"https:\/\/www.thaideutsch.com\/de\/wp-json\/wp\/v2\/pages\/437","targetHints":{"allow":["GET"]}}],"collection":[{"href":"https:\/\/www.thaideutsch.com\/de\/wp-json\/wp\/v2\/pages"}],"about":[{"href":"https:\/\/www.thaideutsch.com\/de\/wp-json\/wp\/v2\/types\/page"}],"author":[{"embeddable":true,"href":"https:\/\/www.thaideutsch.com\/de\/wp-json\/wp\/v2\/users\/1"}],"replies":[{"embeddable":true,"href":"https:\/\/www.thaideutsch.com\/de\/wp-json\/wp\/v2\/comments?post=437"}],"version-history":[{"count":4,"href":"https:\/\/www.thaideutsch.com\/de\/wp-json\/wp\/v2\/pages\/437\/revisions"}],"predecessor-version":[{"id":580,"href":"https:\/\/www.thaideutsch.com\/de\/wp-json\/wp\/v2\/pages\/437\/revisions\/580"}],"wp:featuredmedia":[{"embeddable":true,"href":"https:\/\/www.thaideutsch.com\/de\/wp-json\/wp\/v2\/media\/438"}],"wp:attachment":[{"href":"https:\/\/www.thaideutsch.com\/de\/wp-json\/wp\/v2\/media?parent=437"}],"wp:term":[{"taxonomy":"difl_page_category","embeddable":true,"href":"https:\/\/www.thaideutsch.com\/de\/wp-json\/wp\/v2\/difl_page_category?post=437"}],"curies":[{"name":"wp","href":"https:\/\/api.w.org\/{rel}","templated":true}]}}